{"id":473,"date":"2023-06-21T13:53:30","date_gmt":"2023-06-21T13:53:30","guid":{"rendered":"https:\/\/new.maradentroperu.com\/?page_id=473"},"modified":"2023-07-20T19:11:06","modified_gmt":"2023-07-20T19:11:06","slug":"politicas-de-privacidad-y-confidencialidad","status":"publish","type":"page","link":"https:\/\/maradentroperu.com\/en\/politicas-de-privacidad-y-confidencialidad\/","title":{"rendered":"Privacy and confidentiality policies"},"content":{"rendered":"<p>Agradecemos tu visita en www.maradentroperu.com (\u201cMAE\u201d) cuya raz\u00f3n social es MAR ADENTRO EXCURSIONES EIRL con RUC N\u00b0 20508783761, domiciliado en Jr. Juan Fanning N\u00b0 175 segundo piso, distrito de Callao provincia y departamento de Callao, donde el cliente (\u201cEl usuario\u201d) autoriza el tratamiento de los datos que se declaren a trav\u00e9s del presente canal (\u201cDatos Personales\u201d).<\/p>\n\n\n\n<p>Mar Adentro Per\u00fa es consciente de lo importante que es tener tu informaci\u00f3n personal, el uso y tratamiento que le damos a la misma y como la compartimos, solo si es necesario hacerlo. Estamos agradecidos por la confianza entregada y por ello vamos a utilizar tu informaci\u00f3n con el debido cuidado y prudencia, comprometi\u00e9ndonos a cumplirlo.<\/p>\n\n\n\n<p>Nuestras Pol\u00edticas de Privacidad explica c\u00f3mo recolectamos, utilizamos y, en algunas ocasiones, divulgamos su informaci\u00f3n personal. Estas Pol\u00edticas de Privacidad tambi\u00e9n explica las medidas que hemos tomado para asegurar su informaci\u00f3n personal. Por \u00faltimo, esta Pol\u00edticas de Privacidad explica los procedimientos que seguimos frente a la recopilaci\u00f3n, uso y divulgaci\u00f3n de su informaci\u00f3n personal.<\/p>\n\n\n\n<h2 class=\"wp-block-heading\">\u00bfQu\u00e9 datos personales solicita la p\u00e1gina y para qu\u00e9 son utilizados?<\/h2>\n\n\n\n<p>La informaci\u00f3n personal que solicitamos de nuestros usuarios ayuda a personalizar y mejorar continuamente su experiencia en Mar Adentro Per\u00fa. Utilizamos esta informaci\u00f3n para la lista de zarpe de Capitan\u00eda y en porque en caso sucediera un accidente el seguro nos exige la lista de zarpe, para hacer efectivo el seguro.<\/p>\n\n\n\n<p>Tambi\u00e9n utilizamos esta informaci\u00f3n para mejorar nuestros servicios, caracter\u00edsticas y plataforma, prevenir o detectar fraude o abuso. Tambi\u00e9n utilizamos esta informaci\u00f3n para adaptar nuestras comunicaciones, como por ejemplo mediante el env\u00edo de mensajes de correo electr\u00f3nico con ofertas y promociones que son m\u00e1s relevantes para los clientes.<\/p>\n\n\n\n<h2 class=\"wp-block-heading\">La informaci\u00f3n que recolectamos es la siguiente:<\/h2>\n\n\n\n<p>Informaci\u00f3n que nos proporcionas: Recibimos y almacenamos toda la informaci\u00f3n que introduces en nuestra web o que nos facilita por cualquier otro medio. La informaci\u00f3n que nos proporcionas nos sirve para responder a las peticiones, personalizar pr\u00f3ximas compras que vayas a realizar, mejorar nuestras atenci\u00f3n y ponernos en contacto contigo.<\/p>\n\n\n\n<p>Informaci\u00f3n Autom\u00e1tica: Recibimos y almacenamos ciertos tipos de informaci\u00f3n, cada vez que interact\u00faas con nosotros. Utilizamos las \u00abcookies\u00bb para recabar ciertos tipos de informaci\u00f3n cuando su navegador de Internet accede a la web de Mar Adentro o a nuestra publicidad u otros tipos de contenidos que son mostrados por parte de o en nombre de Mar Adentro.<\/p>\n\n\n\n<p><strong>M\u00f3vil:<\/strong> La mayor\u00eda de los dispositivos m\u00f3viles proporcionan a los usuarios la posibilidad de desactivar los servicios de localizaci\u00f3n. Lo m\u00e1s probable es que dicha posibilidad se encuentre en el men\u00fa de configuraci\u00f3n del dispositivo. Si tienes dudas acerca de c\u00f3mo desactivar los servicios de localizaci\u00f3n de su dispositivo, le recomendamos que se ponga en contacto con su operador de servicios m\u00f3viles o con el fabricante de su dispositivo.<\/p>\n\n\n\n<p>Informaci\u00f3n conseguida de otros sitios: Algunos ejemplos de la informaci\u00f3n que conseguimos de otros sitios incluyen informaci\u00f3n actualizada de nuestros clientes o de terceros, la cual utilizamos para corregir nuestros archivos y realizar la confirmaci\u00f3n de su pr\u00f3xima compra o una mejor comunicaci\u00f3n; informaci\u00f3n sobre su cuenta, respecto a las compras y sobre sus visitas a la p\u00e1gina web; informaci\u00f3n sobre t\u00e9rminos de b\u00fasqueda y resultados de las b\u00fasquedas realizadas a trav\u00e9s de aplicaciones de b\u00fasqueda de Internet; enlaces y resultados de b\u00fasqueda, incluidos listados de pago (como los enlaces patrocinados).<\/p>\n\n\n\n<p>Informaci\u00f3n a la que puedes acceder: Informaci\u00f3n a la que tienes acceso desde nuestra web: informaci\u00f3n actualizada la compra del servicio; informaci\u00f3n propia (incluyendo nombre, correo electr\u00f3nico, contrase\u00f1a, preferencias de comunicaciones personalizada, libreta de direcciones y configuraciones; preferencias de pago (incluyendo informaci\u00f3n sobre tarjetas de cr\u00e9dito, cupones de regalo y promocionales); configuraciones de avisos por correo electr\u00f3nico (e-mails de marketing y boletines); recomendaciones; listas de compra; y Mi perfil.<\/p>\n\n\n\n<h2 class=\"wp-block-heading\">\u00bfQu\u00e9 son las Cookies?<\/h2>\n\n\n\n<p>La aceptaci\u00f3n de las cookies no es un requisito para visitar nuestra web. Sin embargo, si utilizas la funcionalidad \u00abCarrito\u00bb en la p\u00e1gina web, s\u00f3lo es posible con la activaci\u00f3n de las cookies. Las cookies son peque\u00f1os archivos de texto que identifican a su computadora en nuestro servidor como un usuario \u00fanico. Las cookies se pueden utilizar para reconocer su direcci\u00f3n de protocolo de Internet, lo que le ahorrar\u00e1 tiempo mientras se encuentra en el Sitio o si quiere entrar a \u00e9l en el futuro. S\u00f3lo utilizamos cookies para tu comodidad en la p\u00e1gina de Mar Adentro (por ejemplo, para recordar al usuario cuando se desea modificar su carrito de compras sin tener que volver a introducir su direcci\u00f3n de correo electr\u00f3nico) y no para obtener o usar cualquier otra informaci\u00f3n sobre ti (por ejemplo, de publicidad segmentada u oculta). Su navegador puede ser configurado para no aceptar cookies, pero puede limitar su uso de la p\u00e1gina y la experiencia en la misma. El uso de cookies no contiene ni afecta datos de car\u00e1cter personal o privado y no representa peligro de virus.<\/p>\n\n\n\n<h2 class=\"wp-block-heading\">\u00bfCompartimos la Informaci\u00f3n que recibimos?<\/h2>\n\n\n\n<p>La informaci\u00f3n relativa a nuestros clientes es parte fundamental de nuestro negocio y no participamos en la venta de esta a terceros. Con su consentimiento a este Aviso de Privacidad, usted acepta compartir su informaci\u00f3n de conformidad con este Aviso de Privacidad.<\/p>\n\n\n\n<p>Terceros Proveedores de Servicios: Contratamos a otras compa\u00f1\u00edas y personas para realizar ciertas funciones en nuestro nombre. Algunos ejemplos son los que incluyen ejecutar pedidos, entregar paquetes, procesar pagos de tarjetas de cr\u00e9dito y ofrecer servicio de atenci\u00f3n al cliente. Estos tendr\u00e1n acceso a la informaci\u00f3n personal necesaria para realizar sus funciones, pero no podr\u00e1n utilizarla para otros fines. En ning\u00fan caso, otorgaremos derechos para utilizar sus datos a estos terceros proveedores de servicios que sean m\u00e1s amplios que aquellos a los que ha consentido conforme a este Aviso de Privacidad.<\/p>\n\n\n\n<p>Protecci\u00f3n de El Sitio y Otros: Divulgamos informaci\u00f3n personal y datos de cuentas de nuestros clientes cuando creemos que su divulgaci\u00f3n es necesaria para el cumplimiento de la ley, para hacer cumplir o aplicar las Condiciones de Uso y otros acuerdos o para proteger los derechos, la propiedad o seguridad de El Sitio, sus usuarios o terceros. Lo anterior, incluye el intercambio de informaci\u00f3n con otras sociedades y organizaciones para la protecci\u00f3n contra el fraude y la reducci\u00f3n del riesgo de cr\u00e9dito. Obviamente, lo anterior no incluye vender, arrendar, compartir o revelar de otro modo la informaci\u00f3n personalmente identificable de clientes con fines comerciales de modo contrario a los compromisos adquiridos en el presente Aviso de Privacidad.<\/p>\n\n\n\n<h2 class=\"wp-block-heading\">RESPONSABLE Y CONTACTO<\/h2>\n\n\n\n<p>MAR ADENTRO EXCURSIONES EIRL estar\u00e1 encargado de la recolecci\u00f3n y el tratamiento de datos personales, la autorizaci\u00f3n y los registros almacenados, en todos los casos, impidiendo que se pierdan, alteren o se usen sin autorizaci\u00f3n y conservarlos con la debida seguridad.<\/p>\n\n\n\n<p>El \u00e1rea de servicio al cliente estar\u00e1 a cargo de atender las peticiones, quejas y consultas de los titulares de los datos y los Titulares de la Informaci\u00f3n pueden ejercer sus derechos de conocer, actualizar, rectificar y suprimir sus Datos Personales, enviando comunicaciones al correo electr\u00f3nico <a href=\"mailto:reservas@maradentroperu.com\" target=\"_blank\" rel=\"noreferrer noopener\">reservas@maradentroperu.com<\/a><\/p>","protected":false},"excerpt":{"rendered":"<p>Agradecemos tu visita en www.maradentroperu.com (\u201cMAE\u201d) cuya raz\u00f3n social es MAR ADENTRO EXCURSIONES EIRL con RUC N\u00b0 20508783761, domiciliado en Jr. Juan Fanning N\u00b0 175 segundo piso, distrito de Callao provincia y departamento de Callao, donde el cliente (\u201cEl usuario\u201d) autoriza el tratamiento de los datos que se declaren a trav\u00e9s del presente canal (\u201cDatos [&hellip;]<\/p>\n","protected":false},"author":1,"featured_media":0,"parent":0,"menu_order":0,"comment_status":"closed","ping_status":"closed","template":"","meta":{"_genesis_hide_title":false,"_genesis_hide_breadcrumbs":false,"_genesis_hide_singular_image":false,"_genesis_hide_footer_widgets":false,"_genesis_custom_body_class":"","_genesis_custom_post_class":"","_genesis_layout":"","footnotes":""},"class_list":{"0":"post-473","1":"page","2":"type-page","3":"status-publish","5":"entry"},"_links":{"self":[{"href":"https:\/\/maradentroperu.com\/en\/wp-json\/wp\/v2\/pages\/473","targetHints":{"allow":["GET"]}}],"collection":[{"href":"https:\/\/maradentroperu.com\/en\/wp-json\/wp\/v2\/pages"}],"about":[{"href":"https:\/\/maradentroperu.com\/en\/wp-json\/wp\/v2\/types\/page"}],"author":[{"embeddable":true,"href":"https:\/\/maradentroperu.com\/en\/wp-json\/wp\/v2\/users\/1"}],"replies":[{"embeddable":true,"href":"https:\/\/maradentroperu.com\/en\/wp-json\/wp\/v2\/comments?post=473"}],"version-history":[{"count":5,"href":"https:\/\/maradentroperu.com\/en\/wp-json\/wp\/v2\/pages\/473\/revisions"}],"predecessor-version":[{"id":534,"href":"https:\/\/maradentroperu.com\/en\/wp-json\/wp\/v2\/pages\/473\/revisions\/534"}],"wp:attachment":[{"href":"https:\/\/maradentroperu.com\/en\/wp-json\/wp\/v2\/media?parent=473"}],"curies":[{"name":"wp","href":"https:\/\/api.w.org\/{rel}","templated":true}]}}