{"id":530,"date":"2023-07-20T19:04:00","date_gmt":"2023-07-20T19:04:00","guid":{"rendered":"https:\/\/new.maradentroperu.com\/?page_id=530"},"modified":"2023-07-20T19:10:05","modified_gmt":"2023-07-20T19:10:05","slug":"politicas-de-devoluciones-y-reembolso","status":"publish","type":"page","link":"https:\/\/maradentroperu.com\/en\/politicas-de-devoluciones-y-reembolso\/","title":{"rendered":"Return and refund policies"},"content":{"rendered":"<p>Para recibir el reembolso \u00edntegro de la experiencia debes cancelarla como m\u00ednimo 24 horas antes de que empiece.<\/p>\n\n\n\n<ul class=\"wp-block-list\">\n<li>Para recibir el reembolso \u00edntegro de la experiencia debes cancelarla al menos 24 horas antes de que empiece.<\/li>\n\n\n\n<li>Si cancelas la experiencia menos de 24 horas antes de que empiece, no se te devolver\u00e1 el importe abonado.<\/li>\n\n\n\n<li>No se aceptar\u00e1 ning\u00fan cambio que se realice cuando falten menos de 24 horas para empezar la experiencia.<\/li>\n\n\n\n<li>La hora l\u00edmite se basa en la hora local del lugar donde se realiza la experiencia.<\/li>\n\n\n\n<li>Tiene que hacer buen tiempo para que se pueda realizar esta experiencia. Si se cancela por malas condiciones meteorol\u00f3gicas, se le ofrecer\u00e1 otra fecha o el reembolso total del importe abonado.<\/li>\n<\/ul>\n\n\n\n<h2 class=\"wp-block-heading\">Pol\u00edtica de cancelaci\u00f3n de reservas<\/h2>\n\n\n\n<p>Si el pasajero no puede asistir al tour podr\u00e1 solicitar la reprogramaci\u00f3n o cancelaci\u00f3n de la reserva, escribi\u00e9ndonos al correo reservas@mardentroperu.com o enviando un mensaje v\u00eda whatsapp al +51 958 877 677. En caso se cancele el tour por condiciones adversas, como por ejemplo oleaje an\u00f3malo o marea alta, se reprogramar\u00e1 la experiencia o se le reembolsar\u00e1 el 100% del tour.<\/p>","protected":false},"excerpt":{"rendered":"<p>Para recibir el reembolso \u00edntegro de la experiencia debes cancelarla como m\u00ednimo 24 horas antes de que empiece. Pol\u00edtica de cancelaci\u00f3n de reservas Si el pasajero no puede asistir al tour podr\u00e1 solicitar la reprogramaci\u00f3n o cancelaci\u00f3n de la reserva, escribi\u00e9ndonos al correo reservas@mardentroperu.com o enviando un mensaje v\u00eda whatsapp al +51 958 877 677. [&hellip;]<\/p>\n","protected":false},"author":1,"featured_media":0,"parent":0,"menu_order":0,"comment_status":"closed","ping_status":"closed","template":"","meta":{"_genesis_hide_title":false,"_genesis_hide_breadcrumbs":false,"_genesis_hide_singular_image":false,"_genesis_hide_footer_widgets":false,"_genesis_custom_body_class":"","_genesis_custom_post_class":"","_genesis_layout":"","footnotes":""},"class_list":{"0":"post-530","1":"page","2":"type-page","3":"status-publish","5":"entry"},"_links":{"self":[{"href":"https:\/\/maradentroperu.com\/en\/wp-json\/wp\/v2\/pages\/530","targetHints":{"allow":["GET"]}}],"collection":[{"href":"https:\/\/maradentroperu.com\/en\/wp-json\/wp\/v2\/pages"}],"about":[{"href":"https:\/\/maradentroperu.com\/en\/wp-json\/wp\/v2\/types\/page"}],"author":[{"embeddable":true,"href":"https:\/\/maradentroperu.com\/en\/wp-json\/wp\/v2\/users\/1"}],"replies":[{"embeddable":true,"href":"https:\/\/maradentroperu.com\/en\/wp-json\/wp\/v2\/comments?post=530"}],"version-history":[{"count":2,"href":"https:\/\/maradentroperu.com\/en\/wp-json\/wp\/v2\/pages\/530\/revisions"}],"predecessor-version":[{"id":532,"href":"https:\/\/maradentroperu.com\/en\/wp-json\/wp\/v2\/pages\/530\/revisions\/532"}],"wp:attachment":[{"href":"https:\/\/maradentroperu.com\/en\/wp-json\/wp\/v2\/media?parent=530"}],"curies":[{"name":"wp","href":"https:\/\/api.w.org\/{rel}","templated":true}]}}